{"id":1870,"date":"2025-04-10T11:26:12","date_gmt":"2025-04-10T10:26:12","guid":{"rendered":"https:\/\/phi-pot.com\/?post_type=product&#038;p=1870"},"modified":"2026-03-28T11:21:35","modified_gmt":"2026-03-28T10:21:35","slug":"base","status":"publish","type":"product","link":"https:\/\/phi-pot.com\/fr\/product\/base\/","title":{"rendered":"Base de stabilisation"},"content":{"rendered":"<p>Le but de la base est de stabiliser le jardin vertical. La base se fixe au module inf\u00e9rieur et s\u2019adapte \u00e0 une soucoupe standard.<\/p>\n<p>Une base de stabilisation est fortement recommand\u00e9e pour le syst\u00e8me PHI-POT lors de l\u2019utilisation de quatre modules ou plus.<\/p>\n<p>Il existe deux options de base de tailles diff\u00e9rentes : Base M (moyenne) et Base L (grande).<\/p>\n<p>Pour les configurations d\u00e9passant huit modules Phi-Pot ou pour les applications ext\u00e9rieures, il est fortement conseill\u00e9 d\u2019utiliser la Base L.<\/p>\n<p>Il est recommand\u00e9 de couvrir la base avec du poids, comme des pierres ou du sable, pour am\u00e9liorer \u00e0 la fois l\u2019esth\u00e9tique et la stabilit\u00e9.<\/p>\n<p>Chaque base comprend la base en aluminium, 12 rondelles et 6 vis frais\u00e9es. Celles-ci sont viss\u00e9es dans les connecteurs, cr\u00e9ant un \u00ab sandwich \u00bb qui s\u00e9curise le module.<\/p>\n<p>Notez que la base n\u2019est pas la m\u00eame qu\u2019une soucoupe. Les bases M et L ont \u00e9t\u00e9 con\u00e7ues pour s\u2019int\u00e9grer \u00e0 une grande vari\u00e9t\u00e9 de soucoupes disponibles sur le march\u00e9, de diff\u00e9rentes tailles et formes.<\/p>","protected":false},"excerpt":{"rendered":"<p>Une base de stabilisation, fortement recommand\u00e9e pour le syst\u00e8me PHI-POT lors de l\u2019utilisation de quatre modules ou plus.<\/p>","protected":false},"featured_media":1876,"comment_status":"open","ping_status":"closed","template":"","meta":{"_uag_custom_page_level_css":"","site-sidebar-layout":"default","site-content-layout":"","ast-site-content-layout":"default","site-content-style":"default","site-sidebar-style":"default","ast-global-header-display":"","ast-banner-title-visibility":"","ast-main-header-display":"","ast-hfb-above-header-display":"","ast-hfb-below-header-display":"","ast-hfb-mobile-header-display":"","site-post-title":"","ast-breadcrumbs-content":"","ast-featured-img":"","footer-sml-layout":"","ast-disable-related-posts":"","theme-transparent-header-meta":"default","adv-header-id-meta":"","stick-header-meta":"","header-above-stick-meta":"","header-main-stick-meta":"","header-below-stick-meta":"","astra-migrate-meta-layouts":"set","ast-page-background-enabled":"default","ast-page-background-meta":{"desktop":{"background-color":"var(--ast-global-color-4)","background-image":"","background-repeat":"repeat","background-position":"center center","background-size":"auto","background-attachment":"scroll","background-type":"","background-media":"","overlay-type":"","overlay-color":"","overlay-opacity":"","overlay-gradient":""},"tablet":{"background-color":"","background-image":"","background-repeat":"repeat","background-position":"center center","background-size":"auto","background-attachment":"scroll","background-type":"","background-media":"","overlay-type":"","overlay-color":"","overlay-opacity":"","overlay-gradient":""},"mobile":{"background-color":"","background-image":"","background-repeat":"repeat","background-position":"center center","background-size":"auto","background-attachment":"scroll","background-type":"","background-media":"","overlay-type":"","overlay-color":"","overlay-opacity":"","overlay-gradient":""}},"ast-content-background-meta":{"desktop":{"background-color":"var(--ast-global-color-5)","background-image":"","background-repeat":"repeat","background-position":"center center","background-size":"auto","background-attachment":"scroll","background-type":"","background-media":"","overlay-type":"","overlay-color":"","overlay-opacity":"","overlay-gradient":""},"tablet":{"background-color":"var(--ast-global-color-5)","background-image":"","background-repeat":"repeat","background-position":"center center","background-size":"auto","background-attachment":"scroll","background-type":"","background-media":"","overlay-type":"","overlay-color":"","overlay-opacity":"","overlay-gradient":""},"mobile":{"background-color":"var(--ast-global-color-5)","background-image":"","background-repeat":"repeat","background-position":"center center","background-size":"auto","background-attachment":"scroll","background-type":"","background-media":"","overlay-type":"","overlay-color":"","overlay-opacity":"","overlay-gradient":""}}},"product_brand":[],"product_cat":[32],"product_tag":[],"class_list":{"0":"post-1870","1":"product","2":"type-product","3":"status-publish","4":"has-post-thumbnail","6":"product_cat-base","7":"desktop-align-center","8":"tablet-align-left","9":"mobile-align-left","11":"first","12":"instock","13":"taxable","14":"shipping-taxable","15":"purchasable","16":"product-type-variable"},"yoast_head":"<!-- This site is optimized with the Yoast SEO plugin v27.3 - https:\/\/yoast.com\/product\/yoast-seo-wordpress\/ -->\n<title>Stabilization Base for Phi-Pot: the modular vertical garden system<\/title>\n<meta name=\"description\" content=\"Get a stabilization base accessory for your PHI-POT, a robust modular vertical garden system.\" \/>\n<meta name=\"robots\" content=\"index, follow, max-snippet:-1, max-image-preview:large, max-video-preview:-1\" \/>\n<link rel=\"canonical\" href=\"https:\/\/phi-pot.com\/fr\/produit\/base\/\" \/>\n<meta property=\"og:locale\" content=\"fr_FR\" \/>\n<meta property=\"og:type\" content=\"article\" \/>\n<meta property=\"og:title\" content=\"Stabilization Base for Phi-Pot: the modular vertical garden system\" \/>\n<meta property=\"og:description\" content=\"Get a stabilization base accessory for your PHI-POT, a robust modular vertical garden system.\" \/>\n<meta property=\"og:url\" content=\"https:\/\/phi-pot.com\/fr\/produit\/base\/\" \/>\n<meta property=\"og:site_name\" content=\"PHI-POT\" \/>\n<meta property=\"article:publisher\" content=\"https:\/\/www.facebook.com\/PhiPot.Garden\/\" \/>\n<meta property=\"article:modified_time\" content=\"2026-03-28T10:21:35+00:00\" \/>\n<meta property=\"og:image\" content=\"https:\/\/phi-pot.com\/wp-content\/uploads\/2025\/04\/Base.jpg\" \/>\n\t<meta property=\"og:image:width\" content=\"801\" \/>\n\t<meta property=\"og:image:height\" content=\"801\" \/>\n\t<meta property=\"og:image:type\" content=\"image\/webp\" \/>\n<meta name=\"twitter:card\" content=\"summary_large_image\" \/>\n<meta name=\"twitter:title\" content=\"Stabilization Base for Phi-Pot: the modular vertical garden system\" \/>\n<meta name=\"twitter:description\" content=\"Get a stabilization base accessory for your PHI-POT, a robust modular vertical garden system.\" \/>\n<meta name=\"twitter:image\" content=\"https:\/\/phi-pot.com\/wp-content\/uploads\/2025\/04\/Base.jpg\" \/>\n<meta name=\"twitter:label1\" content=\"Dur\u00e9e de lecture estim\u00e9e\" \/>\n\t<meta name=\"twitter:data1\" content=\"1 minute\" \/>\n<script type=\"application\/ld+json\" class=\"yoast-schema-graph\">{\"@context\":\"https:\\\/\\\/schema.org\",\"@graph\":[{\"@type\":\"WebPage\",\"@id\":\"https:\\\/\\\/phi-pot.com\\\/product\\\/base\\\/\",\"url\":\"https:\\\/\\\/phi-pot.com\\\/product\\\/base\\\/\",\"name\":\"Stabilization Base for Phi-Pot: the modular vertical garden system\",\"isPartOf\":{\"@id\":\"https:\\\/\\\/phi-pot.com\\\/#website\"},\"primaryImageOfPage\":{\"@id\":\"https:\\\/\\\/phi-pot.com\\\/product\\\/base\\\/#primaryimage\"},\"image\":{\"@id\":\"https:\\\/\\\/phi-pot.com\\\/product\\\/base\\\/#primaryimage\"},\"thumbnailUrl\":\"https:\\\/\\\/phi-pot.com\\\/wp-content\\\/uploads\\\/2025\\\/04\\\/Base.jpg\",\"datePublished\":\"2025-04-10T10:26:12+00:00\",\"dateModified\":\"2026-03-28T10:21:35+00:00\",\"description\":\"Get a stabilization base accessory for your PHI-POT, a robust modular vertical garden system.\",\"breadcrumb\":{\"@id\":\"https:\\\/\\\/phi-pot.com\\\/product\\\/base\\\/#breadcrumb\"},\"inLanguage\":\"fr-FR\",\"potentialAction\":[{\"@type\":\"ReadAction\",\"target\":[\"https:\\\/\\\/phi-pot.com\\\/product\\\/base\\\/\"]}]},{\"@type\":\"ImageObject\",\"inLanguage\":\"fr-FR\",\"@id\":\"https:\\\/\\\/phi-pot.com\\\/product\\\/base\\\/#primaryimage\",\"url\":\"https:\\\/\\\/phi-pot.com\\\/wp-content\\\/uploads\\\/2025\\\/04\\\/Base.jpg\",\"contentUrl\":\"https:\\\/\\\/phi-pot.com\\\/wp-content\\\/uploads\\\/2025\\\/04\\\/Base.jpg\",\"width\":801,\"height\":801,\"caption\":\"Base\"},{\"@type\":\"BreadcrumbList\",\"@id\":\"https:\\\/\\\/phi-pot.com\\\/product\\\/base\\\/#breadcrumb\",\"itemListElement\":[{\"@type\":\"ListItem\",\"position\":1,\"name\":\"Home\",\"item\":\"https:\\\/\\\/phi-pot.com\\\/\"},{\"@type\":\"ListItem\",\"position\":2,\"name\":\"Shop\",\"item\":\"https:\\\/\\\/phi-pot.com\\\/shop\\\/\"},{\"@type\":\"ListItem\",\"position\":3,\"name\":\"Stabilization Base\"}]},{\"@type\":\"WebSite\",\"@id\":\"https:\\\/\\\/phi-pot.com\\\/#website\",\"url\":\"https:\\\/\\\/phi-pot.com\\\/\",\"name\":\"PHI-POT.com\",\"description\":\"PHI-POT: a unique modular vertical garden that optimizes your space and transforms it into a place full of life with stunning green spaces.\",\"publisher\":{\"@id\":\"https:\\\/\\\/phi-pot.com\\\/#organization\"},\"alternateName\":\"PHI-POT Website\",\"potentialAction\":[{\"@type\":\"SearchAction\",\"target\":{\"@type\":\"EntryPoint\",\"urlTemplate\":\"https:\\\/\\\/phi-pot.com\\\/?s={search_term_string}\"},\"query-input\":{\"@type\":\"PropertyValueSpecification\",\"valueRequired\":true,\"valueName\":\"search_term_string\"}}],\"inLanguage\":\"fr-FR\"},{\"@type\":\"Organization\",\"@id\":\"https:\\\/\\\/phi-pot.com\\\/#organization\",\"name\":\"PHI-POT\",\"alternateName\":\"PHI-POT.com\",\"url\":\"https:\\\/\\\/phi-pot.com\\\/\",\"logo\":{\"@type\":\"ImageObject\",\"inLanguage\":\"fr-FR\",\"@id\":\"https:\\\/\\\/phi-pot.com\\\/#\\\/schema\\\/logo\\\/image\\\/\",\"url\":\"https:\\\/\\\/phi-pot.com\\\/wp-content\\\/uploads\\\/2024\\\/08\\\/logo_phi-pot.jpg\",\"contentUrl\":\"https:\\\/\\\/phi-pot.com\\\/wp-content\\\/uploads\\\/2024\\\/08\\\/logo_phi-pot.jpg\",\"width\":512,\"height\":512,\"caption\":\"PHI-POT\"},\"image\":{\"@id\":\"https:\\\/\\\/phi-pot.com\\\/#\\\/schema\\\/logo\\\/image\\\/\"},\"sameAs\":[\"https:\\\/\\\/www.facebook.com\\\/PhiPot.Garden\\\/\",\"https:\\\/\\\/www.instagram.com\\\/phipot_garden\\\/\"]}]}<\/script>\n<!-- \/ Yoast SEO plugin. -->","yoast_head_json":{"title":"Stabilization Base for Phi-Pot: the modular vertical garden system","description":"Get a stabilization base accessory for your PHI-POT, a robust modular vertical garden system.","robots":{"index":"index","follow":"follow","max-snippet":"max-snippet:-1","max-image-preview":"max-image-preview:large","max-video-preview":"max-video-preview:-1"},"canonical":"https:\/\/phi-pot.com\/fr\/produit\/base\/","og_locale":"fr_FR","og_type":"article","og_title":"Stabilization Base for Phi-Pot: the modular vertical garden system","og_description":"Get a stabilization base accessory for your PHI-POT, a robust modular vertical garden system.","og_url":"https:\/\/phi-pot.com\/fr\/produit\/base\/","og_site_name":"PHI-POT","article_publisher":"https:\/\/www.facebook.com\/PhiPot.Garden\/","article_modified_time":"2026-03-28T10:21:35+00:00","og_image":[{"width":801,"height":801,"url":"https:\/\/phi-pot.com\/wp-content\/uploads\/2025\/04\/Base.jpg","type":"image\/webp"}],"twitter_card":"summary_large_image","twitter_title":"Stabilization Base for Phi-Pot: the modular vertical garden system","twitter_description":"Get a stabilization base accessory for your PHI-POT, a robust modular vertical garden system.","twitter_image":"https:\/\/phi-pot.com\/wp-content\/uploads\/2025\/04\/Base.jpg","twitter_misc":{"Dur\u00e9e de lecture estim\u00e9e":"1 minute"},"schema":{"@context":"https:\/\/schema.org","@graph":[{"@type":"WebPage","@id":"https:\/\/phi-pot.com\/product\/base\/","url":"https:\/\/phi-pot.com\/product\/base\/","name":"Stabilization Base for Phi-Pot: the modular vertical garden system","isPartOf":{"@id":"https:\/\/phi-pot.com\/#website"},"primaryImageOfPage":{"@id":"https:\/\/phi-pot.com\/product\/base\/#primaryimage"},"image":{"@id":"https:\/\/phi-pot.com\/product\/base\/#primaryimage"},"thumbnailUrl":"https:\/\/phi-pot.com\/wp-content\/uploads\/2025\/04\/Base.jpg","datePublished":"2025-04-10T10:26:12+00:00","dateModified":"2026-03-28T10:21:35+00:00","description":"Get a stabilization base accessory for your PHI-POT, a robust modular vertical garden system.","breadcrumb":{"@id":"https:\/\/phi-pot.com\/product\/base\/#breadcrumb"},"inLanguage":"fr-FR","potentialAction":[{"@type":"ReadAction","target":["https:\/\/phi-pot.com\/product\/base\/"]}]},{"@type":"ImageObject","inLanguage":"fr-FR","@id":"https:\/\/phi-pot.com\/product\/base\/#primaryimage","url":"https:\/\/phi-pot.com\/wp-content\/uploads\/2025\/04\/Base.jpg","contentUrl":"https:\/\/phi-pot.com\/wp-content\/uploads\/2025\/04\/Base.jpg","width":801,"height":801,"caption":"Base"},{"@type":"BreadcrumbList","@id":"https:\/\/phi-pot.com\/product\/base\/#breadcrumb","itemListElement":[{"@type":"ListItem","position":1,"name":"Home","item":"https:\/\/phi-pot.com\/"},{"@type":"ListItem","position":2,"name":"Shop","item":"https:\/\/phi-pot.com\/shop\/"},{"@type":"ListItem","position":3,"name":"Stabilization Base"}]},{"@type":"WebSite","@id":"https:\/\/phi-pot.com\/#website","url":"https:\/\/phi-pot.com\/","name":"PHI-POT.com","description":"PHI-POT : un jardin vertical modulaire unique qui optimise votre espace et le transforme en un lieu plein de vie avec de superbes espaces verts.","publisher":{"@id":"https:\/\/phi-pot.com\/#organization"},"alternateName":"PHI-POT Website","potentialAction":[{"@type":"SearchAction","target":{"@type":"EntryPoint","urlTemplate":"https:\/\/phi-pot.com\/?s={search_term_string}"},"query-input":{"@type":"PropertyValueSpecification","valueRequired":true,"valueName":"search_term_string"}}],"inLanguage":"fr-FR"},{"@type":"Organization","@id":"https:\/\/phi-pot.com\/#organization","name":"PHI-POT","alternateName":"PHI-POT.com","url":"https:\/\/phi-pot.com\/","logo":{"@type":"ImageObject","inLanguage":"fr-FR","@id":"https:\/\/phi-pot.com\/#\/schema\/logo\/image\/","url":"https:\/\/phi-pot.com\/wp-content\/uploads\/2024\/08\/logo_phi-pot.jpg","contentUrl":"https:\/\/phi-pot.com\/wp-content\/uploads\/2024\/08\/logo_phi-pot.jpg","width":512,"height":512,"caption":"PHI-POT"},"image":{"@id":"https:\/\/phi-pot.com\/#\/schema\/logo\/image\/"},"sameAs":["https:\/\/www.facebook.com\/PhiPot.Garden\/","https:\/\/www.instagram.com\/phipot_garden\/"]}]}},"uagb_featured_image_src":{"full":["https:\/\/phi-pot.com\/wp-content\/uploads\/2025\/04\/Base.jpg",801,801,false],"thumbnail":["https:\/\/phi-pot.com\/wp-content\/uploads\/2025\/04\/Base-150x150.jpg",150,150,true],"medium":["https:\/\/phi-pot.com\/wp-content\/uploads\/2025\/04\/Base-300x300.jpg",300,300,true],"medium_large":["https:\/\/phi-pot.com\/wp-content\/uploads\/2025\/04\/Base-768x768.jpg",768,768,true],"large":["https:\/\/phi-pot.com\/wp-content\/uploads\/2025\/04\/Base.jpg",801,801,false],"1536x1536":["https:\/\/phi-pot.com\/wp-content\/uploads\/2025\/04\/Base.jpg",801,801,false],"2048x2048":["https:\/\/phi-pot.com\/wp-content\/uploads\/2025\/04\/Base.jpg",801,801,false],"trp-custom-language-flag":["https:\/\/phi-pot.com\/wp-content\/uploads\/2025\/04\/Base-12x12.jpg",12,12,true],"woocommerce_thumbnail":["https:\/\/phi-pot.com\/wp-content\/uploads\/2025\/04\/Base-300x300.jpg",300,300,true],"woocommerce_single":["https:\/\/phi-pot.com\/wp-content\/uploads\/2025\/04\/Base-600x600.jpg",600,600,true],"woocommerce_gallery_thumbnail":["https:\/\/phi-pot.com\/wp-content\/uploads\/2025\/04\/Base-100x100.jpg",100,100,true]},"uagb_author_info":{"display_name":"PHI-POT_Admin","author_link":"https:\/\/phi-pot.com\/fr\/author\/"},"uagb_comment_info":1,"uagb_excerpt":"A Stabilization Base, which it strongly recommended for the PHI-POT system when using four or more modules.","_links":{"self":[{"href":"https:\/\/phi-pot.com\/fr\/wp-json\/wp\/v2\/product\/1870","targetHints":{"allow":["GET"]}}],"collection":[{"href":"https:\/\/phi-pot.com\/fr\/wp-json\/wp\/v2\/product"}],"about":[{"href":"https:\/\/phi-pot.com\/fr\/wp-json\/wp\/v2\/types\/product"}],"replies":[{"embeddable":true,"href":"https:\/\/phi-pot.com\/fr\/wp-json\/wp\/v2\/comments?post=1870"}],"wp:featuredmedia":[{"embeddable":true,"href":"https:\/\/phi-pot.com\/fr\/wp-json\/wp\/v2\/media\/1876"}],"wp:attachment":[{"href":"https:\/\/phi-pot.com\/fr\/wp-json\/wp\/v2\/media?parent=1870"}],"wp:term":[{"taxonomy":"product_brand","embeddable":true,"href":"https:\/\/phi-pot.com\/fr\/wp-json\/wp\/v2\/product_brand?post=1870"},{"taxonomy":"product_cat","embeddable":true,"href":"https:\/\/phi-pot.com\/fr\/wp-json\/wp\/v2\/product_cat?post=1870"},{"taxonomy":"product_tag","embeddable":true,"href":"https:\/\/phi-pot.com\/fr\/wp-json\/wp\/v2\/product_tag?post=1870"}],"curies":[{"name":"wp","href":"https:\/\/api.w.org\/{rel}","templated":true}]}}