{"id":3826,"date":"2026-01-04T11:24:10","date_gmt":"2026-01-04T10:24:10","guid":{"rendered":"https:\/\/phi-pot.com\/?page_id=3826"},"modified":"2026-03-05T15:56:30","modified_gmt":"2026-03-05T14:56:30","slug":"d0120h0142pexxx","status":"publish","type":"page","link":"https:\/\/phi-pot.com\/fr\/d0120h0142pexxx\/","title":{"rendered":"PHI-POT ASSEMBLY"},"content":{"rendered":"<div class=\"wp-block-uagb-container uagb-block-2eb86d84 alignfull uagb-is-root-container\"><div class=\"uagb-container-inner-blocks-wrap\">\n<div class=\"wp-block-uagb-advanced-heading uagb-block-5ab5eac9\"><h1 class=\"uagb-heading-text\">Assemblage du syst\u00e8me Phi-Pot<\/h1><\/div>\n\n\n\n<div class=\"wp-block-uagb-container uagb-block-ddbcfbab\">\n<p class=\"content_txt translation-block\">Pour profiter pleinement de votre syst\u00e8me Phi-Pot, l\u2019assemblage doit \u00eatre effectu\u00e9 dans un ordre pr\u00e9cis. Si vous avez achet\u00e9 une base de stabilisation, commencez par la section <strong data-bmid=\"9e59d0ae\">Assemblage de la base de stabilisation<\/strong>. Si vous ne disposez que de modules, passez directement \u00e0 la section <strong data-bmid=\"512af781\">Assemblage des modules<\/strong>.<br data-bmid=\"6a2959c0\"><\/p>\n<\/div>\n<\/div><\/div>\n\n\n\n<div class=\"wp-block-uagb-container uagb-block-b8b28809 alignfull uagb-is-root-container\"><div class=\"uagb-container-inner-blocks-wrap\">\n<div class=\"wp-block-uagb-advanced-heading uagb-block-ce05ac0f\"><h1 class=\"uagb-heading-text\">Assemblage de la base de stabilisation (premi\u00e8re \u00e9tape)<\/h1><\/div>\n\n\n\n<figure class=\"wp-block-embed is-type-video is-provider-youtube wp-block-embed-youtube wp-embed-aspect-16-9 wp-has-aspect-ratio\"><div class=\"wp-block-embed__wrapper\">\n<iframe loading=\"lazy\" title=\"Base Assembly of a Phi-Pot System\" width=\"500\" height=\"281\" src=\"https:\/\/www.youtube.com\/embed\/pRPSg6DvM-k?feature=oembed\" frameborder=\"0\" allow=\"accelerometer; autoplay; clipboard-write; encrypted-media; gyroscope; picture-in-picture; web-share\" referrerpolicy=\"strict-origin-when-cross-origin\" allowfullscreen><\/iframe>\n<\/div><\/figure>\n\n\n\n<div class=\"wp-block-uagb-container uagb-block-2df680d9\">\n<p class=\"content_txt\"><em>Ce processus fixe le premier module \u00e0 la base de stabilisation et n\u00e9cessite un tournevis cruciforme.<\/em><\/p>\n\n\n\n<ol class=\"wp-block-list\">\n<li class=\"translation-block\"><strong data-bmid=\"9d76c5c9\">Pr\u00e9parez la base :<\/strong> Identifiez le c\u00f4t\u00e9 de la base qui comporte des trous frais\u00e9s (le logement conique permettant \u00e0 la t\u00eate de vis d\u2019\u00eatre affleurante).<\/li>\n\n\n\n<li><strong>Insertion des vis :<\/strong>&nbsp;Ins\u00e9rez les 6 vis dans les trous depuis le c\u00f4t\u00e9 frais\u00e9.\n<ul class=\"wp-block-list\">\n<li><strong>\ud83d\udca1Astuce :<\/strong>&nbsp;Nous recommandons de fixer les t\u00eates de vis avec un peu de ruban adh\u00e9sif afin qu\u2019elles ne tombent pas pendant les \u00e9tapes suivantes.<\/li>\n<\/ul>\n<\/li>\n\n\n\n<li class=\"translation-block\"><strong data-bmid=\"16ba372f\">Positionnement :<\/strong> Placez la base sur une surface plane et stable (table ou sol) de mani\u00e8re \u00e0 ce que les vis soient orient\u00e9es vers le haut.<\/li>\n\n\n\n<li class=\"translation-block\"><strong data-bmid=\"828f57a6\">Rondelles :<\/strong> Ajoutez deux rondelles sur chacune des vis qui d\u00e9passent.<\/li>\n\n\n\n<li class=\"translation-block\"><strong data-bmid=\"30b2e904\">Placement du module :<\/strong> Placez le module Phi-Pot sur la base en alignant toutes les vis avec les trous situ\u00e9s sous le module. Une fois align\u00e9, appuyez sur le module pour que les vis traversent la base.<\/li>\n\n\n\n<li><strong>Fixation interne :<\/strong>\n<ul class=\"wp-block-list\">\n<li>Depuis l\u2019int\u00e9rieur du module, placez l\u2019une des pi\u00e8ces de connexion (les parties en forme de U) de mani\u00e8re \u00e0 ce qu\u2019elle s\u2019adapte aux vis qui d\u00e9passent.<\/li>\n\n\n\n<li>Assurez-vous que le canal de la pi\u00e8ce de connexion soit orient\u00e9 vers le haut et visible.<\/li>\n<\/ul>\n<\/li>\n\n\n\n<li><strong>Serrage :<\/strong>&nbsp;Avec pr\u00e9caution (il peut \u00eatre n\u00e9cessaire d\u2019incliner l\u00e9g\u00e8rement l\u2019assemblage ou de le faire au bord d\u2019une table), serrez les vis par le dessous de la base jusqu\u2019\u00e0 ce que le module soit solidement fix\u00e9.\n<ul class=\"wp-block-list\">\n<li>\u200b\ud83d\udca1<strong>Astuce :<\/strong>&nbsp;Serrez les trois vis progressivement et de mani\u00e8re uniforme. Ne serrez pas compl\u00e8tement une vis pendant que les autres sont desserr\u00e9es, car cela pourrait incliner le connecteur interne. Alternez plut\u00f4t entre les vis, en les tournant chacune quelques fois jusqu\u2019\u00e0 ce que le module soit solidement fix\u00e9.<\/li>\n<\/ul>\n<\/li>\n\n\n\n<li class=\"translation-block\"><strong data-bmid=\"96f47ea6\">Fin :<\/strong> R\u00e9p\u00e9tez les \u00e9tapes 6 et 7 pour la pi\u00e8ce de connexion restante.<\/li>\n<\/ol>\n\n\n\n<p><\/p>\n<\/div>\n<\/div><\/div>\n\n\n\n<div class=\"wp-block-uagb-container uagb-block-f40284b2 alignfull uagb-is-root-container\"><div class=\"uagb-container-inner-blocks-wrap\">\n<div class=\"wp-block-uagb-advanced-heading uagb-block-38f73e2e\"><h1 class=\"uagb-heading-text\">Assemblage du module<\/h1><\/div>\n\n\n\n<div class=\"wp-block-uagb-container uagb-block-ef168f12\">\n<p class=\"content_txt\"><em>Instructions pour assembler les modules entre eux (aucun outil requis).<\/em><\/p>\n\n\n\n<p class=\"translation-block\">Veuillez <strong data-bmid=\"2c760809\">regarder la vid\u00e9o explicative suivante <\/strong>d\u00e9taillant le processus \u00e9tape par \u00e9tape pour garantir un ajustement parfait :<\/p>\n\n\n\n<figure class=\"wp-block-embed is-type-video is-provider-youtube wp-block-embed-youtube wp-embed-aspect-16-9 wp-has-aspect-ratio\"><div class=\"wp-block-embed__wrapper\">\n<iframe loading=\"lazy\" title=\"How to assemble a Phi-Pot system\" width=\"500\" height=\"281\" src=\"https:\/\/www.youtube.com\/embed\/mKMBARu_6AI?feature=oembed\" frameborder=\"0\" allow=\"accelerometer; autoplay; clipboard-write; encrypted-media; gyroscope; picture-in-picture; web-share\" referrerpolicy=\"strict-origin-when-cross-origin\" allowfullscreen><\/iframe>\n<\/div><\/figure>\n\n\n<\/div>\n<\/div><\/div>\n\n\n\n<div class=\"wp-block-uagb-container uagb-block-33b26c9f alignfull uagb-is-root-container\"><div class=\"uagb-container-inner-blocks-wrap\">\n<div class=\"wp-block-uagb-advanced-heading uagb-block-5289151f\"><h1 class=\"uagb-heading-text\">\u26a0\ufe0f Conseils de stabilit\u00e9<\/h1><\/div>\n\n\n\n<div class=\"wp-block-uagb-container uagb-block-498f3a54\">\n<p>Pour am\u00e9liorer la stabilit\u00e9 globale, en particulier pour les tours de grande taille, nous recommandons vivement de remplir compl\u00e8tement la moiti\u00e9 ou le tiers inf\u00e9rieur des \u00ab troncs \u00bb (la colonne verticale reliant les modules) avec un substrat lourd tel que des pierres ou des galets, et d'utiliser du substrat de culture (terreau), plus l\u00e9ger, uniquement dans les branches o\u00f9 sont plac\u00e9es les plantes.<\/p>\n<\/div>\n<\/div><\/div>\n\n\n\n<p><\/p>","protected":false},"excerpt":{"rendered":"<p>Phi-Pot System Assembly To enjoy your Phi-Pot system, assembly must be done in a specific order. If you purchased a [&hellip;]<\/p>\n","protected":false},"author":5,"featured_media":0,"parent":0,"menu_order":0,"comment_status":"closed","ping_status":"closed","template":"","meta":{"_uag_custom_page_level_css":"","site-sidebar-layout":"default","site-content-layout":"","ast-site-content-layout":"default","site-content-style":"default","site-sidebar-style":"default","ast-global-header-display":"","ast-banner-title-visibility":"","ast-main-header-display":"","ast-hfb-above-header-display":"","ast-hfb-below-header-display":"","ast-hfb-mobile-header-display":"","site-post-title":"disabled","ast-breadcrumbs-content":"","ast-featured-img":"","footer-sml-layout":"","ast-disable-related-posts":"","theme-transparent-header-meta":"disabled","adv-header-id-meta":"","stick-header-meta":"","header-above-stick-meta":"","header-main-stick-meta":"","header-below-stick-meta":"","astra-migrate-meta-layouts":"default","ast-page-background-enabled":"default","ast-page-background-meta":{"desktop":{"background-color":"var(--ast-global-color-4)","background-image":"","background-repeat":"repeat","background-position":"center center","background-size":"auto","background-attachment":"scroll","background-type":"","background-media":"","overlay-type":"","overlay-color":"","overlay-opacity":"","overlay-gradient":""},"tablet":{"background-color":"","background-image":"","background-repeat":"repeat","background-position":"center center","background-size":"auto","background-attachment":"scroll","background-type":"","background-media":"","overlay-type":"","overlay-color":"","overlay-opacity":"","overlay-gradient":""},"mobile":{"background-color":"","background-image":"","background-repeat":"repeat","background-position":"center center","background-size":"auto","background-attachment":"scroll","background-type":"","background-media":"","overlay-type":"","overlay-color":"","overlay-opacity":"","overlay-gradient":""}},"ast-content-background-meta":{"desktop":{"background-color":"var(--ast-global-color-5)","background-image":"","background-repeat":"repeat","background-position":"center center","background-size":"auto","background-attachment":"scroll","background-type":"","background-media":"","overlay-type":"","overlay-color":"","overlay-opacity":"","overlay-gradient":""},"tablet":{"background-color":"var(--ast-global-color-5)","background-image":"","background-repeat":"repeat","background-position":"center center","background-size":"auto","background-attachment":"scroll","background-type":"","background-media":"","overlay-type":"","overlay-color":"","overlay-opacity":"","overlay-gradient":""},"mobile":{"background-color":"var(--ast-global-color-5)","background-image":"","background-repeat":"repeat","background-position":"center center","background-size":"auto","background-attachment":"scroll","background-type":"","background-media":"","overlay-type":"","overlay-color":"","overlay-opacity":"","overlay-gradient":""}},"footnotes":""},"class_list":["post-3826","page","type-page","status-publish","hentry"],"yoast_head":"<!-- This site is optimized with the Yoast SEO plugin v27.5 - https:\/\/yoast.com\/product\/yoast-seo-wordpress\/ -->\n<title>PHI-POT Innovative Modular Vertical Garden: The Stackable Pot<\/title>\n<meta name=\"description\" content=\"Innovative modular vertical garden pot system based on golden ratio to transform your space and enhance your well-being and mental health.\" \/>\n<meta name=\"robots\" content=\"index, follow, max-snippet:-1, max-image-preview:large, max-video-preview:-1\" \/>\n<link rel=\"canonical\" href=\"https:\/\/phi-pot.com\/fr\/d0120h0142pexxx\/\" \/>\n<meta property=\"og:locale\" content=\"fr_FR\" \/>\n<meta property=\"og:type\" content=\"article\" \/>\n<meta property=\"og:title\" content=\"PHI-POT - Reconnect with Nature. A Vital Need.\" \/>\n<meta property=\"og:description\" content=\"Innovative modular vertical garden system based on golden ratio to transform your space and enhance your well-being and mental health.\" \/>\n<meta property=\"og:url\" content=\"https:\/\/phi-pot.com\/fr\/d0120h0142pexxx\/\" \/>\n<meta property=\"og:site_name\" content=\"PHI-POT\" \/>\n<meta property=\"article:publisher\" content=\"https:\/\/www.facebook.com\/PhiPot.Garden\/\" \/>\n<meta property=\"article:modified_time\" content=\"2026-03-05T14:56:30+00:00\" \/>\n<meta property=\"og:image\" content=\"https:\/\/phi-pot.com\/wp-content\/uploads\/2024\/08\/logo_phi-pot.jpg\" \/>\n\t<meta property=\"og:image:width\" content=\"512\" \/>\n\t<meta property=\"og:image:height\" content=\"512\" \/>\n\t<meta property=\"og:image:type\" content=\"image\/jpeg\" \/>\n<meta name=\"twitter:card\" content=\"summary_large_image\" \/>\n<meta name=\"twitter:label1\" content=\"Dur\u00e9e de lecture estim\u00e9e\" \/>\n\t<meta name=\"twitter:data1\" content=\"2 minutes\" \/>\n<script type=\"application\/ld+json\" class=\"yoast-schema-graph\">{\"@context\":\"https:\\\/\\\/schema.org\",\"@graph\":[{\"@type\":\"WebPage\",\"@id\":\"https:\\\/\\\/phi-pot.com\\\/d0120h0142pexxx\\\/\",\"url\":\"https:\\\/\\\/phi-pot.com\\\/d0120h0142pexxx\\\/\",\"name\":\"PHI-POT Innovative Modular Vertical Garden: The Stackable Pot\",\"isPartOf\":{\"@id\":\"https:\\\/\\\/phi-pot.com\\\/#website\"},\"datePublished\":\"2026-01-04T10:24:10+00:00\",\"dateModified\":\"2026-03-05T14:56:30+00:00\",\"description\":\"Innovative modular vertical garden pot system based on golden ratio to transform your space and enhance your well-being and mental health.\",\"breadcrumb\":{\"@id\":\"https:\\\/\\\/phi-pot.com\\\/d0120h0142pexxx\\\/#breadcrumb\"},\"inLanguage\":\"fr-FR\",\"potentialAction\":[{\"@type\":\"ReadAction\",\"target\":[\"https:\\\/\\\/phi-pot.com\\\/d0120h0142pexxx\\\/\"]}]},{\"@type\":\"BreadcrumbList\",\"@id\":\"https:\\\/\\\/phi-pot.com\\\/d0120h0142pexxx\\\/#breadcrumb\",\"itemListElement\":[{\"@type\":\"ListItem\",\"position\":1,\"name\":\"Home\",\"item\":\"https:\\\/\\\/phi-pot.com\\\/\"},{\"@type\":\"ListItem\",\"position\":2,\"name\":\"PHI-POT ASSEMBLY\"}]},{\"@type\":\"WebSite\",\"@id\":\"https:\\\/\\\/phi-pot.com\\\/#website\",\"url\":\"https:\\\/\\\/phi-pot.com\\\/\",\"name\":\"PHI-POT.com\",\"description\":\"PHI-POT: a unique modular vertical garden that optimizes your space and transforms it into a place full of life with stunning green spaces.\",\"publisher\":{\"@id\":\"https:\\\/\\\/phi-pot.com\\\/#organization\"},\"alternateName\":\"PHI-POT Website\",\"potentialAction\":[{\"@type\":\"SearchAction\",\"target\":{\"@type\":\"EntryPoint\",\"urlTemplate\":\"https:\\\/\\\/phi-pot.com\\\/?s={search_term_string}\"},\"query-input\":{\"@type\":\"PropertyValueSpecification\",\"valueRequired\":true,\"valueName\":\"search_term_string\"}}],\"inLanguage\":\"fr-FR\"},{\"@type\":\"Organization\",\"@id\":\"https:\\\/\\\/phi-pot.com\\\/#organization\",\"name\":\"PHI-POT\",\"alternateName\":\"PHI-POT.com\",\"url\":\"https:\\\/\\\/phi-pot.com\\\/\",\"logo\":{\"@type\":\"ImageObject\",\"inLanguage\":\"fr-FR\",\"@id\":\"https:\\\/\\\/phi-pot.com\\\/#\\\/schema\\\/logo\\\/image\\\/\",\"url\":\"https:\\\/\\\/phi-pot.com\\\/wp-content\\\/uploads\\\/2024\\\/08\\\/logo_phi-pot.jpg\",\"contentUrl\":\"https:\\\/\\\/phi-pot.com\\\/wp-content\\\/uploads\\\/2024\\\/08\\\/logo_phi-pot.jpg\",\"width\":512,\"height\":512,\"caption\":\"PHI-POT\"},\"image\":{\"@id\":\"https:\\\/\\\/phi-pot.com\\\/#\\\/schema\\\/logo\\\/image\\\/\"},\"sameAs\":[\"https:\\\/\\\/www.facebook.com\\\/PhiPot.Garden\\\/\",\"https:\\\/\\\/www.instagram.com\\\/phipot_garden\\\/\"]}]}<\/script>\n<!-- \/ Yoast SEO plugin. -->","yoast_head_json":{"title":"PHI-POT : Syst\u00e8me modulaire de jardin vertical : Le pot empilable","description":"Syst\u00e8me innovant de pots de jardin verticaux modulaires bas\u00e9 sur le nombre d'or pour transformer votre espace et am\u00e9liorer votre bien-\u00eatre et votre sant\u00e9 mentale.","robots":{"index":"index","follow":"follow","max-snippet":"max-snippet:-1","max-image-preview":"max-image-preview:large","max-video-preview":"max-video-preview:-1"},"canonical":"https:\/\/phi-pot.com\/fr\/d0120h0142pexxx\/","og_locale":"fr_FR","og_type":"article","og_title":"PHI-POT - Reconnect with Nature. A Vital Need.","og_description":"Innovative modular vertical garden system based on golden ratio to transform your space and enhance your well-being and mental health.","og_url":"https:\/\/phi-pot.com\/fr\/d0120h0142pexxx\/","og_site_name":"PHI-POT","article_publisher":"https:\/\/www.facebook.com\/PhiPot.Garden\/","article_modified_time":"2026-03-05T14:56:30+00:00","og_image":[{"width":512,"height":512,"url":"https:\/\/phi-pot.com\/wp-content\/uploads\/2024\/08\/logo_phi-pot.jpg","type":"image\/jpeg"}],"twitter_card":"summary_large_image","twitter_misc":{"Dur\u00e9e de lecture estim\u00e9e":"2 minutes"},"schema":{"@context":"https:\/\/schema.org","@graph":[{"@type":"WebPage","@id":"https:\/\/phi-pot.com\/d0120h0142pexxx\/","url":"https:\/\/phi-pot.com\/d0120h0142pexxx\/","name":"PHI-POT : Syst\u00e8me modulaire de jardin vertical : Le pot empilable","isPartOf":{"@id":"https:\/\/phi-pot.com\/#website"},"datePublished":"2026-01-04T10:24:10+00:00","dateModified":"2026-03-05T14:56:30+00:00","description":"Syst\u00e8me innovant de pots de jardin verticaux modulaires bas\u00e9 sur le nombre d'or pour transformer votre espace et am\u00e9liorer votre bien-\u00eatre et votre sant\u00e9 mentale.","breadcrumb":{"@id":"https:\/\/phi-pot.com\/d0120h0142pexxx\/#breadcrumb"},"inLanguage":"fr-FR","potentialAction":[{"@type":"ReadAction","target":["https:\/\/phi-pot.com\/d0120h0142pexxx\/"]}]},{"@type":"BreadcrumbList","@id":"https:\/\/phi-pot.com\/d0120h0142pexxx\/#breadcrumb","itemListElement":[{"@type":"ListItem","position":1,"name":"Home","item":"https:\/\/phi-pot.com\/"},{"@type":"ListItem","position":2,"name":"PHI-POT ASSEMBLY"}]},{"@type":"WebSite","@id":"https:\/\/phi-pot.com\/#website","url":"https:\/\/phi-pot.com\/","name":"PHI-POT.com","description":"PHI-POT : un jardin vertical modulaire unique qui optimise votre espace et le transforme en un lieu plein de vie avec de superbes espaces verts.","publisher":{"@id":"https:\/\/phi-pot.com\/#organization"},"alternateName":"PHI-POT Website","potentialAction":[{"@type":"SearchAction","target":{"@type":"EntryPoint","urlTemplate":"https:\/\/phi-pot.com\/?s={search_term_string}"},"query-input":{"@type":"PropertyValueSpecification","valueRequired":true,"valueName":"search_term_string"}}],"inLanguage":"fr-FR"},{"@type":"Organization","@id":"https:\/\/phi-pot.com\/#organization","name":"PHI-POT","alternateName":"PHI-POT.com","url":"https:\/\/phi-pot.com\/","logo":{"@type":"ImageObject","inLanguage":"fr-FR","@id":"https:\/\/phi-pot.com\/#\/schema\/logo\/image\/","url":"https:\/\/phi-pot.com\/wp-content\/uploads\/2024\/08\/logo_phi-pot.jpg","contentUrl":"https:\/\/phi-pot.com\/wp-content\/uploads\/2024\/08\/logo_phi-pot.jpg","width":512,"height":512,"caption":"PHI-POT"},"image":{"@id":"https:\/\/phi-pot.com\/#\/schema\/logo\/image\/"},"sameAs":["https:\/\/www.facebook.com\/PhiPot.Garden\/","https:\/\/www.instagram.com\/phipot_garden\/"]}]}},"uagb_featured_image_src":{"full":false,"thumbnail":false,"medium":false,"medium_large":false,"large":false,"1536x1536":false,"2048x2048":false,"trp-custom-language-flag":false,"woocommerce_thumbnail":false,"woocommerce_single":false,"woocommerce_gallery_thumbnail":false},"uagb_author_info":{"display_name":"Lucas Garc\u00eda Rodr\u00edguez","author_link":"https:\/\/phi-pot.com\/fr\/author\/lucas\/"},"uagb_comment_info":0,"uagb_excerpt":"Phi-Pot System Assembly To enjoy your Phi-Pot system, assembly must be done in a specific order. If you purchased a [&hellip;]","_links":{"self":[{"href":"https:\/\/phi-pot.com\/fr\/wp-json\/wp\/v2\/pages\/3826","targetHints":{"allow":["GET"]}}],"collection":[{"href":"https:\/\/phi-pot.com\/fr\/wp-json\/wp\/v2\/pages"}],"about":[{"href":"https:\/\/phi-pot.com\/fr\/wp-json\/wp\/v2\/types\/page"}],"author":[{"embeddable":true,"href":"https:\/\/phi-pot.com\/fr\/wp-json\/wp\/v2\/users\/5"}],"replies":[{"embeddable":true,"href":"https:\/\/phi-pot.com\/fr\/wp-json\/wp\/v2\/comments?post=3826"}],"version-history":[{"count":13,"href":"https:\/\/phi-pot.com\/fr\/wp-json\/wp\/v2\/pages\/3826\/revisions"}],"predecessor-version":[{"id":3950,"href":"https:\/\/phi-pot.com\/fr\/wp-json\/wp\/v2\/pages\/3826\/revisions\/3950"}],"wp:attachment":[{"href":"https:\/\/phi-pot.com\/fr\/wp-json\/wp\/v2\/media?parent=3826"}],"curies":[{"name":"wp","href":"https:\/\/api.w.org\/{rel}","templated":true}]}}