{"id":3826,"date":"2026-01-04T11:24:10","date_gmt":"2026-01-04T10:24:10","guid":{"rendered":"https:\/\/phi-pot.com\/?page_id=3826"},"modified":"2026-03-05T15:56:30","modified_gmt":"2026-03-05T14:56:30","slug":"d0120h0142pexxx","status":"publish","type":"page","link":"https:\/\/phi-pot.com\/es\/d0120h0142pexxx\/","title":{"rendered":"PHI-POT ASSEMBLY"},"content":{"rendered":"<div class=\"wp-block-uagb-container uagb-block-2eb86d84 alignfull uagb-is-root-container\"><div class=\"uagb-container-inner-blocks-wrap\">\n<div class=\"wp-block-uagb-advanced-heading uagb-block-5ab5eac9\"><h1 class=\"uagb-heading-text\">Montaje del sistema Phi-Pot<\/h1><\/div>\n\n\n\n<div class=\"wp-block-uagb-container uagb-block-ddbcfbab\">\n<p class=\"content_txt translation-block\">Para disfrutar de tu sistema Phi-Pot, el montaje debe realizarse en un orden espec\u00edfico. Si compraste una base de estabilizaci\u00f3n, comienza con la secci\u00f3n <strong data-bmid=\"9e59d0ae\">Montaje de la base de estabilizaci\u00f3n<\/strong>. Si solo tienes m\u00f3dulos, pasa directamente a la secci\u00f3n <strong data-bmid=\"512af781\">Montaje de m\u00f3dulos<\/strong>.<br data-bmid=\"6a2959c0\"><\/p>\n<\/div>\n<\/div><\/div>\n\n\n\n<div class=\"wp-block-uagb-container uagb-block-b8b28809 alignfull uagb-is-root-container\"><div class=\"uagb-container-inner-blocks-wrap\">\n<div class=\"wp-block-uagb-advanced-heading uagb-block-ce05ac0f\"><h1 class=\"uagb-heading-text\">Montaje de la base de estabilizaci\u00f3n (primer paso)<\/h1><\/div>\n\n\n\n<figure class=\"wp-block-embed is-type-video is-provider-youtube wp-block-embed-youtube wp-embed-aspect-16-9 wp-has-aspect-ratio\"><div class=\"wp-block-embed__wrapper\">\n<iframe loading=\"lazy\" title=\"Base Assembly of a Phi-Pot System\" width=\"500\" height=\"281\" src=\"https:\/\/www.youtube.com\/embed\/pRPSg6DvM-k?feature=oembed\" frameborder=\"0\" allow=\"accelerometer; autoplay; clipboard-write; encrypted-media; gyroscope; picture-in-picture; web-share\" referrerpolicy=\"strict-origin-when-cross-origin\" allowfullscreen><\/iframe>\n<\/div><\/figure>\n\n\n\n<div class=\"wp-block-uagb-container uagb-block-2df680d9\">\n<p class=\"content_txt\"><em>Este proceso fija el primer m\u00f3dulo a la base de estabilizaci\u00f3n y requiere un destornillador Phillips.<\/em><\/p>\n\n\n\n<ol class=\"wp-block-list\">\n<li class=\"translation-block\"><strong data-bmid=\"9d76c5c9\">Prepare la base:<\/strong> Identifique el lado de la base que tiene orificios avellanados (el rebaje c\u00f3nico que permite que la cabeza del tornillo quede a ras).<\/li>\n\n\n\n<li><strong>Inserci\u00f3n de tornillos:<\/strong>&nbsp;Inserta los 6 tornillos en los orificios desde el lado avellanado.\n<ul class=\"wp-block-list\">\n<li><strong>\ud83d\udca1Consejo:<\/strong>&nbsp;Recomendamos asegurar las cabezas de los tornillos con un poco de cinta adhesiva para que no se caigan durante los siguientes pasos.<\/li>\n<\/ul>\n<\/li>\n\n\n\n<li class=\"translation-block\"><strong data-bmid=\"16ba372f\">Posicionamiento:<\/strong> Coloque la base sobre una superficie plana y firme (mesa o suelo) de modo que los tornillos queden orientados hacia arriba.<\/li>\n\n\n\n<li class=\"translation-block\"><strong data-bmid=\"828f57a6\">Arandelas:<\/strong> A\u00f1ada dos arandelas a cada uno de los tornillos que sobresalen.<\/li>\n\n\n\n<li class=\"translation-block\"><strong data-bmid=\"30b2e904\">Colocaci\u00f3n del m\u00f3dulo:<\/strong> Coloque el m\u00f3dulo Phi-Pot sobre la base, alineando todos los tornillos con los orificios en la parte inferior del m\u00f3dulo. Una vez alineado, presione el m\u00f3dulo hacia abajo para que los tornillos atraviesen la base.<\/li>\n\n\n\n<li><strong>Fijaci\u00f3n interna:<\/strong>\n<ul class=\"wp-block-list\">\n<li>Desde el interior del m\u00f3dulo, coloque una de las piezas de conector (las partes en forma de U) de modo que encaje sobre los tornillos que sobresalen.<\/li>\n\n\n\n<li>Aseg\u00farese de que el canal de la pieza de conector est\u00e9 orientado hacia arriba y sea visible.<\/li>\n<\/ul>\n<\/li>\n\n\n\n<li><strong>Apriete:<\/strong>&nbsp;Con cuidado (puede que necesites inclinar ligeramente el conjunto o hacerlo en el borde de una mesa), aprieta los tornillos desde la parte inferior de la base hasta que el m\u00f3dulo quede firmemente asegurado.\n<ul class=\"wp-block-list\">\n<li>\u200b\ud83d\udca1<strong>Consejo:<\/strong>&nbsp;Aprieta los tres tornillos de forma gradual y uniforme. No aprietes completamente un tornillo mientras los otros est\u00e9n flojos, ya que esto puede hacer que el conector interno se incline. En su lugar, alterna entre ellos, girando cada uno unas cuantas veces hasta que el m\u00f3dulo quede firmemente asegurado.<\/li>\n<\/ul>\n<\/li>\n\n\n\n<li class=\"translation-block\"><strong data-bmid=\"96f47ea6\">Finalizar:<\/strong> Repita los pasos 6 y 7 para la pieza de conexi\u00f3n restante.<\/li>\n<\/ol>\n\n\n\n<p><\/p>\n<\/div>\n<\/div><\/div>\n\n\n\n<div class=\"wp-block-uagb-container uagb-block-f40284b2 alignfull uagb-is-root-container\"><div class=\"uagb-container-inner-blocks-wrap\">\n<div class=\"wp-block-uagb-advanced-heading uagb-block-38f73e2e\"><h1 class=\"uagb-heading-text\">Montaje del m\u00f3dulo<\/h1><\/div>\n\n\n\n<div class=\"wp-block-uagb-container uagb-block-ef168f12\">\n<p class=\"content_txt\"><em>Instrucciones para unir m\u00f3dulos entre s\u00ed (no se requieren herramientas).<\/em><\/p>\n\n\n\n<p class=\"translation-block\">Por favor, <strong data-bmid=\"2c760809\">vea el siguiente video explicativo <\/strong>que detalla el proceso paso a paso para garantizar un ajuste perfecto:<\/p>\n\n\n\n\n\n<figure class=\"wp-block-embed is-type-video is-provider-youtube wp-block-embed-youtube wp-embed-aspect-16-9 wp-has-aspect-ratio\"><div class=\"wp-block-embed__wrapper\">\n<iframe loading=\"lazy\" title=\"Montaje de un sistema PHI-POT\" width=\"500\" height=\"281\" src=\"https:\/\/www.youtube.com\/embed\/zK4EP-hWgqE?feature=oembed\" frameborder=\"0\" allow=\"accelerometer; autoplay; clipboard-write; encrypted-media; gyroscope; picture-in-picture; web-share\" referrerpolicy=\"strict-origin-when-cross-origin\" allowfullscreen><\/iframe>\n<\/div><\/figure>\n<\/div>\n<\/div><\/div>\n\n\n\n<div class=\"wp-block-uagb-container uagb-block-33b26c9f alignfull uagb-is-root-container\"><div class=\"uagb-container-inner-blocks-wrap\">\n<div class=\"wp-block-uagb-advanced-heading uagb-block-5289151f\"><h1 class=\"uagb-heading-text\">\u26a0\ufe0f Consejos de estabilidad<\/h1><\/div>\n\n\n\n<div class=\"wp-block-uagb-container uagb-block-498f3a54\">\n<p>Para mejorar la estabilidad general, especialmente en torres altas, recomendamos encarecidamente llenar completamente la mitad o el tercio inferior de los \u201ctroncos\u201d (la columna vertical que conecta los m\u00f3dulos) con un sustrato pesado como piedras o guijarros, y utilizar sustrato de cultivo (tierra), que es m\u00e1s ligero, solo en las ramas donde se colocan las plantas.<\/p>\n<\/div>\n<\/div><\/div>\n\n\n\n<p><\/p>","protected":false},"excerpt":{"rendered":"<p>Phi-Pot System Assembly To enjoy your Phi-Pot system, assembly must be done in a specific order. If you purchased a [&hellip;]<\/p>\n","protected":false},"author":5,"featured_media":0,"parent":0,"menu_order":0,"comment_status":"closed","ping_status":"closed","template":"","meta":{"_uag_custom_page_level_css":"","site-sidebar-layout":"default","site-content-layout":"","ast-site-content-layout":"default","site-content-style":"default","site-sidebar-style":"default","ast-global-header-display":"","ast-banner-title-visibility":"","ast-main-header-display":"","ast-hfb-above-header-display":"","ast-hfb-below-header-display":"","ast-hfb-mobile-header-display":"","site-post-title":"disabled","ast-breadcrumbs-content":"","ast-featured-img":"","footer-sml-layout":"","ast-disable-related-posts":"","theme-transparent-header-meta":"disabled","adv-header-id-meta":"","stick-header-meta":"","header-above-stick-meta":"","header-main-stick-meta":"","header-below-stick-meta":"","astra-migrate-meta-layouts":"default","ast-page-background-enabled":"default","ast-page-background-meta":{"desktop":{"background-color":"var(--ast-global-color-4)","background-image":"","background-repeat":"repeat","background-position":"center center","background-size":"auto","background-attachment":"scroll","background-type":"","background-media":"","overlay-type":"","overlay-color":"","overlay-opacity":"","overlay-gradient":""},"tablet":{"background-color":"","background-image":"","background-repeat":"repeat","background-position":"center center","background-size":"auto","background-attachment":"scroll","background-type":"","background-media":"","overlay-type":"","overlay-color":"","overlay-opacity":"","overlay-gradient":""},"mobile":{"background-color":"","background-image":"","background-repeat":"repeat","background-position":"center center","background-size":"auto","background-attachment":"scroll","background-type":"","background-media":"","overlay-type":"","overlay-color":"","overlay-opacity":"","overlay-gradient":""}},"ast-content-background-meta":{"desktop":{"background-color":"var(--ast-global-color-5)","background-image":"","background-repeat":"repeat","background-position":"center center","background-size":"auto","background-attachment":"scroll","background-type":"","background-media":"","overlay-type":"","overlay-color":"","overlay-opacity":"","overlay-gradient":""},"tablet":{"background-color":"var(--ast-global-color-5)","background-image":"","background-repeat":"repeat","background-position":"center center","background-size":"auto","background-attachment":"scroll","background-type":"","background-media":"","overlay-type":"","overlay-color":"","overlay-opacity":"","overlay-gradient":""},"mobile":{"background-color":"var(--ast-global-color-5)","background-image":"","background-repeat":"repeat","background-position":"center center","background-size":"auto","background-attachment":"scroll","background-type":"","background-media":"","overlay-type":"","overlay-color":"","overlay-opacity":"","overlay-gradient":""}},"footnotes":""},"class_list":["post-3826","page","type-page","status-publish","hentry"],"yoast_head":"<!-- This site is optimized with the Yoast SEO plugin v27.5 - https:\/\/yoast.com\/product\/yoast-seo-wordpress\/ -->\n<title>PHI-POT Innovative Modular Vertical Garden: The Stackable Pot<\/title>\n<meta name=\"description\" content=\"Innovative modular vertical garden pot system based on golden ratio to transform your space and enhance your well-being and mental health.\" \/>\n<meta name=\"robots\" content=\"index, follow, max-snippet:-1, max-image-preview:large, max-video-preview:-1\" \/>\n<link rel=\"canonical\" href=\"https:\/\/phi-pot.com\/es\/d0120h0142pexxx\/\" \/>\n<meta property=\"og:locale\" content=\"es_ES\" \/>\n<meta property=\"og:type\" content=\"article\" \/>\n<meta property=\"og:title\" content=\"PHI-POT - Reconnect with Nature. A Vital Need.\" \/>\n<meta property=\"og:description\" content=\"Innovative modular vertical garden system based on golden ratio to transform your space and enhance your well-being and mental health.\" \/>\n<meta property=\"og:url\" content=\"https:\/\/phi-pot.com\/es\/d0120h0142pexxx\/\" \/>\n<meta property=\"og:site_name\" content=\"PHI-POT\" \/>\n<meta property=\"article:publisher\" content=\"https:\/\/www.facebook.com\/PhiPot.Garden\/\" \/>\n<meta property=\"article:modified_time\" content=\"2026-03-05T14:56:30+00:00\" \/>\n<meta property=\"og:image\" content=\"https:\/\/phi-pot.com\/wp-content\/uploads\/2024\/08\/logo_phi-pot.jpg\" \/>\n\t<meta property=\"og:image:width\" content=\"512\" \/>\n\t<meta property=\"og:image:height\" content=\"512\" \/>\n\t<meta property=\"og:image:type\" content=\"image\/jpeg\" \/>\n<meta name=\"twitter:card\" content=\"summary_large_image\" \/>\n<meta name=\"twitter:label1\" content=\"Tiempo de lectura\" \/>\n\t<meta name=\"twitter:data1\" content=\"2 minutos\" \/>\n<script type=\"application\/ld+json\" class=\"yoast-schema-graph\">{\"@context\":\"https:\\\/\\\/schema.org\",\"@graph\":[{\"@type\":\"WebPage\",\"@id\":\"https:\\\/\\\/phi-pot.com\\\/d0120h0142pexxx\\\/\",\"url\":\"https:\\\/\\\/phi-pot.com\\\/d0120h0142pexxx\\\/\",\"name\":\"PHI-POT Innovative Modular Vertical Garden: The Stackable Pot\",\"isPartOf\":{\"@id\":\"https:\\\/\\\/phi-pot.com\\\/#website\"},\"datePublished\":\"2026-01-04T10:24:10+00:00\",\"dateModified\":\"2026-03-05T14:56:30+00:00\",\"description\":\"Innovative modular vertical garden pot system based on golden ratio to transform your space and enhance your well-being and mental health.\",\"breadcrumb\":{\"@id\":\"https:\\\/\\\/phi-pot.com\\\/d0120h0142pexxx\\\/#breadcrumb\"},\"inLanguage\":\"es\",\"potentialAction\":[{\"@type\":\"ReadAction\",\"target\":[\"https:\\\/\\\/phi-pot.com\\\/d0120h0142pexxx\\\/\"]}]},{\"@type\":\"BreadcrumbList\",\"@id\":\"https:\\\/\\\/phi-pot.com\\\/d0120h0142pexxx\\\/#breadcrumb\",\"itemListElement\":[{\"@type\":\"ListItem\",\"position\":1,\"name\":\"Home\",\"item\":\"https:\\\/\\\/phi-pot.com\\\/\"},{\"@type\":\"ListItem\",\"position\":2,\"name\":\"PHI-POT ASSEMBLY\"}]},{\"@type\":\"WebSite\",\"@id\":\"https:\\\/\\\/phi-pot.com\\\/#website\",\"url\":\"https:\\\/\\\/phi-pot.com\\\/\",\"name\":\"PHI-POT.com\",\"description\":\"PHI-POT: a unique modular vertical garden that optimizes your space and transforms it into a place full of life with stunning green spaces.\",\"publisher\":{\"@id\":\"https:\\\/\\\/phi-pot.com\\\/#organization\"},\"alternateName\":\"PHI-POT Website\",\"potentialAction\":[{\"@type\":\"SearchAction\",\"target\":{\"@type\":\"EntryPoint\",\"urlTemplate\":\"https:\\\/\\\/phi-pot.com\\\/?s={search_term_string}\"},\"query-input\":{\"@type\":\"PropertyValueSpecification\",\"valueRequired\":true,\"valueName\":\"search_term_string\"}}],\"inLanguage\":\"es\"},{\"@type\":\"Organization\",\"@id\":\"https:\\\/\\\/phi-pot.com\\\/#organization\",\"name\":\"PHI-POT\",\"alternateName\":\"PHI-POT.com\",\"url\":\"https:\\\/\\\/phi-pot.com\\\/\",\"logo\":{\"@type\":\"ImageObject\",\"inLanguage\":\"es\",\"@id\":\"https:\\\/\\\/phi-pot.com\\\/#\\\/schema\\\/logo\\\/image\\\/\",\"url\":\"https:\\\/\\\/phi-pot.com\\\/wp-content\\\/uploads\\\/2024\\\/08\\\/logo_phi-pot.jpg\",\"contentUrl\":\"https:\\\/\\\/phi-pot.com\\\/wp-content\\\/uploads\\\/2024\\\/08\\\/logo_phi-pot.jpg\",\"width\":512,\"height\":512,\"caption\":\"PHI-POT\"},\"image\":{\"@id\":\"https:\\\/\\\/phi-pot.com\\\/#\\\/schema\\\/logo\\\/image\\\/\"},\"sameAs\":[\"https:\\\/\\\/www.facebook.com\\\/PhiPot.Garden\\\/\",\"https:\\\/\\\/www.instagram.com\\\/phipot_garden\\\/\"]}]}<\/script>\n<!-- \/ Yoast SEO plugin. -->","yoast_head_json":{"title":"PHI-POT: Sistema Modular de Jard\u00edn Vertical: La Maceta Apilable","description":"Sistema innovador de macetas modulares para jard\u00edn vertical basado en la proporci\u00f3n \u00e1urea para transformar tu espacio y mejorar tu bienestar y salud mental.","robots":{"index":"index","follow":"follow","max-snippet":"max-snippet:-1","max-image-preview":"max-image-preview:large","max-video-preview":"max-video-preview:-1"},"canonical":"https:\/\/phi-pot.com\/es\/d0120h0142pexxx\/","og_locale":"es_ES","og_type":"article","og_title":"PHI-POT - Reconnect with Nature. A Vital Need.","og_description":"Innovative modular vertical garden system based on golden ratio to transform your space and enhance your well-being and mental health.","og_url":"https:\/\/phi-pot.com\/es\/d0120h0142pexxx\/","og_site_name":"PHI-POT","article_publisher":"https:\/\/www.facebook.com\/PhiPot.Garden\/","article_modified_time":"2026-03-05T14:56:30+00:00","og_image":[{"width":512,"height":512,"url":"https:\/\/phi-pot.com\/wp-content\/uploads\/2024\/08\/logo_phi-pot.jpg","type":"image\/jpeg"}],"twitter_card":"summary_large_image","twitter_misc":{"Tiempo de lectura":"2 minutos"},"schema":{"@context":"https:\/\/schema.org","@graph":[{"@type":"WebPage","@id":"https:\/\/phi-pot.com\/d0120h0142pexxx\/","url":"https:\/\/phi-pot.com\/d0120h0142pexxx\/","name":"PHI-POT: Sistema Modular de Jard\u00edn Vertical: La Maceta Apilable","isPartOf":{"@id":"https:\/\/phi-pot.com\/#website"},"datePublished":"2026-01-04T10:24:10+00:00","dateModified":"2026-03-05T14:56:30+00:00","description":"Sistema innovador de macetas modulares para jard\u00edn vertical basado en la proporci\u00f3n \u00e1urea para transformar tu espacio y mejorar tu bienestar y salud mental.","breadcrumb":{"@id":"https:\/\/phi-pot.com\/d0120h0142pexxx\/#breadcrumb"},"inLanguage":"es","potentialAction":[{"@type":"ReadAction","target":["https:\/\/phi-pot.com\/d0120h0142pexxx\/"]}]},{"@type":"BreadcrumbList","@id":"https:\/\/phi-pot.com\/d0120h0142pexxx\/#breadcrumb","itemListElement":[{"@type":"ListItem","position":1,"name":"Home","item":"https:\/\/phi-pot.com\/"},{"@type":"ListItem","position":2,"name":"PHI-POT ASSEMBLY"}]},{"@type":"WebSite","@id":"https:\/\/phi-pot.com\/#website","url":"https:\/\/phi-pot.com\/","name":"PHI-POT.com","description":"PHI-POT: un jard\u00edn vertical modular \u00fanico que optimiza tu espacio y lo transforma en un lugar lleno de vida con impresionantes espacios verdes.","publisher":{"@id":"https:\/\/phi-pot.com\/#organization"},"alternateName":"PHI-POT Website","potentialAction":[{"@type":"SearchAction","target":{"@type":"EntryPoint","urlTemplate":"https:\/\/phi-pot.com\/?s={search_term_string}"},"query-input":{"@type":"PropertyValueSpecification","valueRequired":true,"valueName":"search_term_string"}}],"inLanguage":"es"},{"@type":"Organization","@id":"https:\/\/phi-pot.com\/#organization","name":"PHI-POT","alternateName":"PHI-POT.com","url":"https:\/\/phi-pot.com\/","logo":{"@type":"ImageObject","inLanguage":"es","@id":"https:\/\/phi-pot.com\/#\/schema\/logo\/image\/","url":"https:\/\/phi-pot.com\/wp-content\/uploads\/2024\/08\/logo_phi-pot.jpg","contentUrl":"https:\/\/phi-pot.com\/wp-content\/uploads\/2024\/08\/logo_phi-pot.jpg","width":512,"height":512,"caption":"PHI-POT"},"image":{"@id":"https:\/\/phi-pot.com\/#\/schema\/logo\/image\/"},"sameAs":["https:\/\/www.facebook.com\/PhiPot.Garden\/","https:\/\/www.instagram.com\/phipot_garden\/"]}]}},"uagb_featured_image_src":{"full":false,"thumbnail":false,"medium":false,"medium_large":false,"large":false,"1536x1536":false,"2048x2048":false,"trp-custom-language-flag":false,"woocommerce_thumbnail":false,"woocommerce_single":false,"woocommerce_gallery_thumbnail":false},"uagb_author_info":{"display_name":"Lucas Garc\u00eda Rodr\u00edguez","author_link":"https:\/\/phi-pot.com\/es\/author\/lucas\/"},"uagb_comment_info":0,"uagb_excerpt":"Phi-Pot System Assembly To enjoy your Phi-Pot system, assembly must be done in a specific order. If you purchased a [&hellip;]","_links":{"self":[{"href":"https:\/\/phi-pot.com\/es\/wp-json\/wp\/v2\/pages\/3826","targetHints":{"allow":["GET"]}}],"collection":[{"href":"https:\/\/phi-pot.com\/es\/wp-json\/wp\/v2\/pages"}],"about":[{"href":"https:\/\/phi-pot.com\/es\/wp-json\/wp\/v2\/types\/page"}],"author":[{"embeddable":true,"href":"https:\/\/phi-pot.com\/es\/wp-json\/wp\/v2\/users\/5"}],"replies":[{"embeddable":true,"href":"https:\/\/phi-pot.com\/es\/wp-json\/wp\/v2\/comments?post=3826"}],"version-history":[{"count":13,"href":"https:\/\/phi-pot.com\/es\/wp-json\/wp\/v2\/pages\/3826\/revisions"}],"predecessor-version":[{"id":3950,"href":"https:\/\/phi-pot.com\/es\/wp-json\/wp\/v2\/pages\/3826\/revisions\/3950"}],"wp:attachment":[{"href":"https:\/\/phi-pot.com\/es\/wp-json\/wp\/v2\/media?parent=3826"}],"curies":[{"name":"wp","href":"https:\/\/api.w.org\/{rel}","templated":true}]}}