{"id":3826,"date":"2026-01-04T11:24:10","date_gmt":"2026-01-04T10:24:10","guid":{"rendered":"https:\/\/phi-pot.com\/?page_id=3826"},"modified":"2026-03-05T15:56:30","modified_gmt":"2026-03-05T14:56:30","slug":"d0120h0142pexxx","status":"publish","type":"page","link":"https:\/\/phi-pot.com\/de\/d0120h0142pexxx\/","title":{"rendered":"PHI-POT ASSEMBLY"},"content":{"rendered":"<div class=\"wp-block-uagb-container uagb-block-2eb86d84 alignfull uagb-is-root-container\"><div class=\"uagb-container-inner-blocks-wrap\">\n<div class=\"wp-block-uagb-advanced-heading uagb-block-5ab5eac9\"><h1 class=\"uagb-heading-text\">Montage des Phi-Pot-Systems<\/h1><\/div>\n\n\n\n<div class=\"wp-block-uagb-container uagb-block-ddbcfbab\">\n<p class=\"content_txt translation-block\">Um Ihr Phi-Pot-System optimal nutzen zu k\u00f6nnen, muss die Montage in einer bestimmten Reihenfolge erfolgen. Wenn Sie eine Stabilisierungsbasis erworben haben, beginnen Sie mit dem Abschnitt <strong data-bmid=\"9e59d0ae\">Montage der Stabilisierungsbasis<\/strong>. Wenn Sie nur Module haben, gehen Sie direkt zum Abschnitt <strong data-bmid=\"512af781\">Modulmontage<\/strong>.<br data-bmid=\"6a2959c0\"><\/p>\n<\/div>\n<\/div><\/div>\n\n\n\n<div class=\"wp-block-uagb-container uagb-block-b8b28809 alignfull uagb-is-root-container\"><div class=\"uagb-container-inner-blocks-wrap\">\n<div class=\"wp-block-uagb-advanced-heading uagb-block-ce05ac0f\"><h1 class=\"uagb-heading-text\">Montage der Stabilisierungsbasis (erster Schritt)<\/h1><\/div>\n\n\n\n<figure class=\"wp-block-embed is-type-video is-provider-youtube wp-block-embed-youtube wp-embed-aspect-16-9 wp-has-aspect-ratio\"><div class=\"wp-block-embed__wrapper\">\n<iframe loading=\"lazy\" title=\"Base Assembly of a Phi-Pot System\" width=\"500\" height=\"281\" src=\"https:\/\/www.youtube.com\/embed\/pRPSg6DvM-k?feature=oembed\" frameborder=\"0\" allow=\"accelerometer; autoplay; clipboard-write; encrypted-media; gyroscope; picture-in-picture; web-share\" referrerpolicy=\"strict-origin-when-cross-origin\" allowfullscreen><\/iframe>\n<\/div><\/figure>\n\n\n\n<div class=\"wp-block-uagb-container uagb-block-2df680d9\">\n<p class=\"content_txt\"><em>Dieser Vorgang befestigt das erste Modul an der Stabilisierungsbasis und erfordert einen Kreuzschlitzschraubendreher.<\/em><\/p>\n\n\n\n<ol class=\"wp-block-list\">\n<li class=\"translation-block\"><strong data-bmid=\"9d76c5c9\">Basis vorbereiten:<\/strong> Identifizieren Sie die Seite der Basis mit Senkbohrungen (die konische Vertiefung, damit der Schraubenkopf b\u00fcndig sitzt).<\/li>\n\n\n\n<li><strong>Schrauben einsetzen:<\/strong>&nbsp;Setzen Sie die 6 Schrauben von der gesenkten Seite her in die Bohrungen ein.\n<ul class=\"wp-block-list\">\n<li><strong>\ud83d\udca1Tipp:<\/strong>&nbsp;Wir empfehlen, die Schraubenk\u00f6pfe mit etwas Klebeband zu sichern, damit sie w\u00e4hrend der folgenden Schritte nicht herausfallen.<\/li>\n<\/ul>\n<\/li>\n\n\n\n<li class=\"translation-block\"><strong data-bmid=\"16ba372f\">Positionierung:<\/strong> Stellen Sie die Basis auf eine ebene, feste Oberfl\u00e4che (Tisch oder Boden), sodass die Schrauben nach oben zeigen.<\/li>\n\n\n\n<li class=\"translation-block\"><strong data-bmid=\"828f57a6\">Unterlegscheiben:<\/strong> Setzen Sie auf jede der herausragenden Schrauben zwei Unterlegscheiben auf.<\/li>\n\n\n\n<li class=\"translation-block\"><strong data-bmid=\"30b2e904\">Modulplatzierung:<\/strong> Setzen Sie das Phi-Pot-Modul auf die Basis und richten Sie alle Schrauben mit den L\u00f6chern an der Unterseite des Moduls aus. Sobald sie ausgerichtet sind, dr\u00fccken Sie das Modul nach unten, sodass die Schrauben durch die Basis gehen.<\/li>\n\n\n\n<li><strong>Innere Befestigung:<\/strong>\n<ul class=\"wp-block-list\">\n<li>Setzen Sie von innen in das Modul eines der Verbindungsteile (die U-f\u00f6rmigen Teile) so auf, dass sie auf die herausstehenden Schrauben passen.<\/li>\n\n\n\n<li>Stellen Sie sicher, dass der Kanal des Verbindungsteils nach oben sichtbar ausgerichtet ist.<\/li>\n<\/ul>\n<\/li>\n\n\n\n<li><strong>Anziehen:<\/strong>&nbsp;Vorsichtig (m\u00f6glicherweise m\u00fcssen Sie die Baugruppe leicht neigen oder dies am Rand eines Tisches tun), ziehen Sie die Schrauben von der Unterseite der Basis fest, bis das Modul sicher befestigt ist.\n<ul class=\"wp-block-list\">\n<li>\u200b\ud83d\udca1<strong>Tipp:<\/strong>&nbsp;Ziehen Sie die drei Schrauben schrittweise und gleichm\u00e4\u00dfig fest. Ziehen Sie nicht eine Schraube vollst\u00e4ndig an, w\u00e4hrend die anderen locker sind, da sich dadurch der interne Steckverbinder neigen kann. Wechseln Sie stattdessen zwischen den Schrauben und drehen Sie jede einige Male, bis das Modul sicher befestigt ist.<\/li>\n<\/ul>\n<\/li>\n\n\n\n<li class=\"translation-block\"><strong data-bmid=\"96f47ea6\">Abschluss:<\/strong> Wiederholen Sie die Schritte 6 und 7 f\u00fcr das verbleibende Verbindungsst\u00fcck.<\/li>\n<\/ol>\n\n\n\n<p><\/p>\n<\/div>\n<\/div><\/div>\n\n\n\n<div class=\"wp-block-uagb-container uagb-block-f40284b2 alignfull uagb-is-root-container\"><div class=\"uagb-container-inner-blocks-wrap\">\n<div class=\"wp-block-uagb-advanced-heading uagb-block-38f73e2e\"><h1 class=\"uagb-heading-text\">Modulmontage<\/h1><\/div>\n\n\n\n<div class=\"wp-block-uagb-container uagb-block-ef168f12\">\n<p class=\"content_txt\"><em>Anleitung zum Verbinden von Modulen miteinander (keine Werkzeuge erforderlich).<\/em><\/p>\n\n\n\n<p class=\"translation-block\">Bitte <strong data-bmid=\"2c760809\">sehen Sie sich das folgende Erkl\u00e4rungsvideo an <\/strong>, das den Schritt-f\u00fcr-Schritt-Prozess f\u00fcr eine perfekte Passform erl\u00e4utert:<\/p>\n\n\n\n<figure class=\"wp-block-embed is-type-video is-provider-youtube wp-block-embed-youtube wp-embed-aspect-16-9 wp-has-aspect-ratio\"><div class=\"wp-block-embed__wrapper\">\n<iframe loading=\"lazy\" title=\"How to assemble a Phi-Pot system\" width=\"500\" height=\"281\" src=\"https:\/\/www.youtube.com\/embed\/mKMBARu_6AI?feature=oembed\" frameborder=\"0\" allow=\"accelerometer; autoplay; clipboard-write; encrypted-media; gyroscope; picture-in-picture; web-share\" referrerpolicy=\"strict-origin-when-cross-origin\" allowfullscreen><\/iframe>\n<\/div><\/figure>\n\n\n<\/div>\n<\/div><\/div>\n\n\n\n<div class=\"wp-block-uagb-container uagb-block-33b26c9f alignfull uagb-is-root-container\"><div class=\"uagb-container-inner-blocks-wrap\">\n<div class=\"wp-block-uagb-advanced-heading uagb-block-5289151f\"><h1 class=\"uagb-heading-text\">\u26a0\ufe0f Stabilit\u00e4tstipps<\/h1><\/div>\n\n\n\n<div class=\"wp-block-uagb-container uagb-block-498f3a54\">\n<p>Um die allgemeine Stabilit\u00e4t zu verbessern, insbesondere bei hohen T\u00fcrmen, empfehlen wir dringend, die untere H\u00e4lfte oder das untere Drittel der \u201eSt\u00e4mme\u201c (die vertikale S\u00e4ule, die die Module verbindet) vollst\u00e4ndig mit einem schweren Substrat wie Steinen oder Kieselsteinen zu f\u00fcllen und das leichtere Kultursubstrat (Erde) nur in den Zweigen zu verwenden, in denen die Pflanzen platziert werden.<\/p>\n<\/div>\n<\/div><\/div>\n\n\n\n<p><\/p>","protected":false},"excerpt":{"rendered":"<p>Phi-Pot System Assembly To enjoy your Phi-Pot system, assembly must be done in a specific order. If you purchased a [&hellip;]<\/p>\n","protected":false},"author":5,"featured_media":0,"parent":0,"menu_order":0,"comment_status":"closed","ping_status":"closed","template":"","meta":{"_uag_custom_page_level_css":"","site-sidebar-layout":"default","site-content-layout":"","ast-site-content-layout":"default","site-content-style":"default","site-sidebar-style":"default","ast-global-header-display":"","ast-banner-title-visibility":"","ast-main-header-display":"","ast-hfb-above-header-display":"","ast-hfb-below-header-display":"","ast-hfb-mobile-header-display":"","site-post-title":"disabled","ast-breadcrumbs-content":"","ast-featured-img":"","footer-sml-layout":"","ast-disable-related-posts":"","theme-transparent-header-meta":"disabled","adv-header-id-meta":"","stick-header-meta":"","header-above-stick-meta":"","header-main-stick-meta":"","header-below-stick-meta":"","astra-migrate-meta-layouts":"default","ast-page-background-enabled":"default","ast-page-background-meta":{"desktop":{"background-color":"var(--ast-global-color-4)","background-image":"","background-repeat":"repeat","background-position":"center center","background-size":"auto","background-attachment":"scroll","background-type":"","background-media":"","overlay-type":"","overlay-color":"","overlay-opacity":"","overlay-gradient":""},"tablet":{"background-color":"","background-image":"","background-repeat":"repeat","background-position":"center center","background-size":"auto","background-attachment":"scroll","background-type":"","background-media":"","overlay-type":"","overlay-color":"","overlay-opacity":"","overlay-gradient":""},"mobile":{"background-color":"","background-image":"","background-repeat":"repeat","background-position":"center center","background-size":"auto","background-attachment":"scroll","background-type":"","background-media":"","overlay-type":"","overlay-color":"","overlay-opacity":"","overlay-gradient":""}},"ast-content-background-meta":{"desktop":{"background-color":"var(--ast-global-color-5)","background-image":"","background-repeat":"repeat","background-position":"center center","background-size":"auto","background-attachment":"scroll","background-type":"","background-media":"","overlay-type":"","overlay-color":"","overlay-opacity":"","overlay-gradient":""},"tablet":{"background-color":"var(--ast-global-color-5)","background-image":"","background-repeat":"repeat","background-position":"center center","background-size":"auto","background-attachment":"scroll","background-type":"","background-media":"","overlay-type":"","overlay-color":"","overlay-opacity":"","overlay-gradient":""},"mobile":{"background-color":"var(--ast-global-color-5)","background-image":"","background-repeat":"repeat","background-position":"center center","background-size":"auto","background-attachment":"scroll","background-type":"","background-media":"","overlay-type":"","overlay-color":"","overlay-opacity":"","overlay-gradient":""}},"footnotes":""},"class_list":["post-3826","page","type-page","status-publish","hentry"],"yoast_head":"<!-- This site is optimized with the Yoast SEO plugin v27.5 - https:\/\/yoast.com\/product\/yoast-seo-wordpress\/ -->\n<title>PHI-POT Innovative Modular Vertical Garden: The Stackable Pot<\/title>\n<meta name=\"description\" content=\"Innovative modular vertical garden pot system based on golden ratio to transform your space and enhance your well-being and mental health.\" \/>\n<meta name=\"robots\" content=\"index, follow, max-snippet:-1, max-image-preview:large, max-video-preview:-1\" \/>\n<link rel=\"canonical\" href=\"https:\/\/phi-pot.com\/de\/d0120h0142pexxx\/\" \/>\n<meta property=\"og:locale\" content=\"de_DE\" \/>\n<meta property=\"og:type\" content=\"article\" \/>\n<meta property=\"og:title\" content=\"PHI-POT - Reconnect with Nature. A Vital Need.\" \/>\n<meta property=\"og:description\" content=\"Innovative modular vertical garden system based on golden ratio to transform your space and enhance your well-being and mental health.\" \/>\n<meta property=\"og:url\" content=\"https:\/\/phi-pot.com\/de\/d0120h0142pexxx\/\" \/>\n<meta property=\"og:site_name\" content=\"PHI-POT\" \/>\n<meta property=\"article:publisher\" content=\"https:\/\/www.facebook.com\/PhiPot.Garden\/\" \/>\n<meta property=\"article:modified_time\" content=\"2026-03-05T14:56:30+00:00\" \/>\n<meta property=\"og:image\" content=\"https:\/\/phi-pot.com\/wp-content\/uploads\/2024\/08\/logo_phi-pot.jpg\" \/>\n\t<meta property=\"og:image:width\" content=\"512\" \/>\n\t<meta property=\"og:image:height\" content=\"512\" \/>\n\t<meta property=\"og:image:type\" content=\"image\/jpeg\" \/>\n<meta name=\"twitter:card\" content=\"summary_large_image\" \/>\n<meta name=\"twitter:label1\" content=\"Gesch\u00e4tzte Lesezeit\" \/>\n\t<meta name=\"twitter:data1\" content=\"2\u00a0Minuten\" \/>\n<script type=\"application\/ld+json\" class=\"yoast-schema-graph\">{\"@context\":\"https:\\\/\\\/schema.org\",\"@graph\":[{\"@type\":\"WebPage\",\"@id\":\"https:\\\/\\\/phi-pot.com\\\/d0120h0142pexxx\\\/\",\"url\":\"https:\\\/\\\/phi-pot.com\\\/d0120h0142pexxx\\\/\",\"name\":\"PHI-POT Innovative Modular Vertical Garden: The Stackable Pot\",\"isPartOf\":{\"@id\":\"https:\\\/\\\/phi-pot.com\\\/#website\"},\"datePublished\":\"2026-01-04T10:24:10+00:00\",\"dateModified\":\"2026-03-05T14:56:30+00:00\",\"description\":\"Innovative modular vertical garden pot system based on golden ratio to transform your space and enhance your well-being and mental health.\",\"breadcrumb\":{\"@id\":\"https:\\\/\\\/phi-pot.com\\\/d0120h0142pexxx\\\/#breadcrumb\"},\"inLanguage\":\"de\",\"potentialAction\":[{\"@type\":\"ReadAction\",\"target\":[\"https:\\\/\\\/phi-pot.com\\\/d0120h0142pexxx\\\/\"]}]},{\"@type\":\"BreadcrumbList\",\"@id\":\"https:\\\/\\\/phi-pot.com\\\/d0120h0142pexxx\\\/#breadcrumb\",\"itemListElement\":[{\"@type\":\"ListItem\",\"position\":1,\"name\":\"Home\",\"item\":\"https:\\\/\\\/phi-pot.com\\\/\"},{\"@type\":\"ListItem\",\"position\":2,\"name\":\"PHI-POT ASSEMBLY\"}]},{\"@type\":\"WebSite\",\"@id\":\"https:\\\/\\\/phi-pot.com\\\/#website\",\"url\":\"https:\\\/\\\/phi-pot.com\\\/\",\"name\":\"PHI-POT.com\",\"description\":\"PHI-POT: a unique modular vertical garden that optimizes your space and transforms it into a place full of life with stunning green spaces.\",\"publisher\":{\"@id\":\"https:\\\/\\\/phi-pot.com\\\/#organization\"},\"alternateName\":\"PHI-POT Website\",\"potentialAction\":[{\"@type\":\"SearchAction\",\"target\":{\"@type\":\"EntryPoint\",\"urlTemplate\":\"https:\\\/\\\/phi-pot.com\\\/?s={search_term_string}\"},\"query-input\":{\"@type\":\"PropertyValueSpecification\",\"valueRequired\":true,\"valueName\":\"search_term_string\"}}],\"inLanguage\":\"de\"},{\"@type\":\"Organization\",\"@id\":\"https:\\\/\\\/phi-pot.com\\\/#organization\",\"name\":\"PHI-POT\",\"alternateName\":\"PHI-POT.com\",\"url\":\"https:\\\/\\\/phi-pot.com\\\/\",\"logo\":{\"@type\":\"ImageObject\",\"inLanguage\":\"de\",\"@id\":\"https:\\\/\\\/phi-pot.com\\\/#\\\/schema\\\/logo\\\/image\\\/\",\"url\":\"https:\\\/\\\/phi-pot.com\\\/wp-content\\\/uploads\\\/2024\\\/08\\\/logo_phi-pot.jpg\",\"contentUrl\":\"https:\\\/\\\/phi-pot.com\\\/wp-content\\\/uploads\\\/2024\\\/08\\\/logo_phi-pot.jpg\",\"width\":512,\"height\":512,\"caption\":\"PHI-POT\"},\"image\":{\"@id\":\"https:\\\/\\\/phi-pot.com\\\/#\\\/schema\\\/logo\\\/image\\\/\"},\"sameAs\":[\"https:\\\/\\\/www.facebook.com\\\/PhiPot.Garden\\\/\",\"https:\\\/\\\/www.instagram.com\\\/phipot_garden\\\/\"]}]}<\/script>\n<!-- \/ Yoast SEO plugin. -->","yoast_head_json":{"title":"PHI-POT: Modulares System f\u00fcr vertikale G\u00e4rten: Der stapelbare Blumentopf","description":"Innovatives modulares vertikales Gartentopf-System basierend auf dem goldenen Schnitt, um deinen Raum zu verwandeln und dein Wohlbefinden sowie deine mentale Gesundheit zu verbessern.","robots":{"index":"index","follow":"follow","max-snippet":"max-snippet:-1","max-image-preview":"max-image-preview:large","max-video-preview":"max-video-preview:-1"},"canonical":"https:\/\/phi-pot.com\/de\/d0120h0142pexxx\/","og_locale":"de_DE","og_type":"article","og_title":"PHI-POT - Reconnect with Nature. A Vital Need.","og_description":"Innovative modular vertical garden system based on golden ratio to transform your space and enhance your well-being and mental health.","og_url":"https:\/\/phi-pot.com\/de\/d0120h0142pexxx\/","og_site_name":"PHI-POT","article_publisher":"https:\/\/www.facebook.com\/PhiPot.Garden\/","article_modified_time":"2026-03-05T14:56:30+00:00","og_image":[{"width":512,"height":512,"url":"https:\/\/phi-pot.com\/wp-content\/uploads\/2024\/08\/logo_phi-pot.jpg","type":"image\/jpeg"}],"twitter_card":"summary_large_image","twitter_misc":{"Gesch\u00e4tzte Lesezeit":"2\u00a0Minuten"},"schema":{"@context":"https:\/\/schema.org","@graph":[{"@type":"WebPage","@id":"https:\/\/phi-pot.com\/d0120h0142pexxx\/","url":"https:\/\/phi-pot.com\/d0120h0142pexxx\/","name":"PHI-POT: Modulares System f\u00fcr vertikale G\u00e4rten: Der stapelbare Blumentopf","isPartOf":{"@id":"https:\/\/phi-pot.com\/#website"},"datePublished":"2026-01-04T10:24:10+00:00","dateModified":"2026-03-05T14:56:30+00:00","description":"Innovatives modulares vertikales Gartentopf-System basierend auf dem goldenen Schnitt, um deinen Raum zu verwandeln und dein Wohlbefinden sowie deine mentale Gesundheit zu verbessern.","breadcrumb":{"@id":"https:\/\/phi-pot.com\/d0120h0142pexxx\/#breadcrumb"},"inLanguage":"de","potentialAction":[{"@type":"ReadAction","target":["https:\/\/phi-pot.com\/d0120h0142pexxx\/"]}]},{"@type":"BreadcrumbList","@id":"https:\/\/phi-pot.com\/d0120h0142pexxx\/#breadcrumb","itemListElement":[{"@type":"ListItem","position":1,"name":"Home","item":"https:\/\/phi-pot.com\/"},{"@type":"ListItem","position":2,"name":"PHI-POT ASSEMBLY"}]},{"@type":"WebSite","@id":"https:\/\/phi-pot.com\/#website","url":"https:\/\/phi-pot.com\/","name":"PHI-POT.com","description":"PHI-POT: Ein einzigartiger modularer vertikaler Garten, der Ihren Platz optimiert und ihn mit atemberaubenden Gr\u00fcnfl\u00e4chen in einen Ort voller Leben verwandelt.","publisher":{"@id":"https:\/\/phi-pot.com\/#organization"},"alternateName":"PHI-POT Website","potentialAction":[{"@type":"SearchAction","target":{"@type":"EntryPoint","urlTemplate":"https:\/\/phi-pot.com\/?s={search_term_string}"},"query-input":{"@type":"PropertyValueSpecification","valueRequired":true,"valueName":"search_term_string"}}],"inLanguage":"de"},{"@type":"Organization","@id":"https:\/\/phi-pot.com\/#organization","name":"PHI-POT","alternateName":"PHI-POT.com","url":"https:\/\/phi-pot.com\/","logo":{"@type":"ImageObject","inLanguage":"de","@id":"https:\/\/phi-pot.com\/#\/schema\/logo\/image\/","url":"https:\/\/phi-pot.com\/wp-content\/uploads\/2024\/08\/logo_phi-pot.jpg","contentUrl":"https:\/\/phi-pot.com\/wp-content\/uploads\/2024\/08\/logo_phi-pot.jpg","width":512,"height":512,"caption":"PHI-POT"},"image":{"@id":"https:\/\/phi-pot.com\/#\/schema\/logo\/image\/"},"sameAs":["https:\/\/www.facebook.com\/PhiPot.Garden\/","https:\/\/www.instagram.com\/phipot_garden\/"]}]}},"uagb_featured_image_src":{"full":false,"thumbnail":false,"medium":false,"medium_large":false,"large":false,"1536x1536":false,"2048x2048":false,"trp-custom-language-flag":false,"woocommerce_thumbnail":false,"woocommerce_single":false,"woocommerce_gallery_thumbnail":false},"uagb_author_info":{"display_name":"Lucas Garc\u00eda Rodr\u00edguez","author_link":"https:\/\/phi-pot.com\/de\/author\/lucas\/"},"uagb_comment_info":0,"uagb_excerpt":"Phi-Pot System Assembly To enjoy your Phi-Pot system, assembly must be done in a specific order. If you purchased a [&hellip;]","_links":{"self":[{"href":"https:\/\/phi-pot.com\/de\/wp-json\/wp\/v2\/pages\/3826","targetHints":{"allow":["GET"]}}],"collection":[{"href":"https:\/\/phi-pot.com\/de\/wp-json\/wp\/v2\/pages"}],"about":[{"href":"https:\/\/phi-pot.com\/de\/wp-json\/wp\/v2\/types\/page"}],"author":[{"embeddable":true,"href":"https:\/\/phi-pot.com\/de\/wp-json\/wp\/v2\/users\/5"}],"replies":[{"embeddable":true,"href":"https:\/\/phi-pot.com\/de\/wp-json\/wp\/v2\/comments?post=3826"}],"version-history":[{"count":13,"href":"https:\/\/phi-pot.com\/de\/wp-json\/wp\/v2\/pages\/3826\/revisions"}],"predecessor-version":[{"id":3950,"href":"https:\/\/phi-pot.com\/de\/wp-json\/wp\/v2\/pages\/3826\/revisions\/3950"}],"wp:attachment":[{"href":"https:\/\/phi-pot.com\/de\/wp-json\/wp\/v2\/media?parent=3826"}],"curies":[{"name":"wp","href":"https:\/\/api.w.org\/{rel}","templated":true}]}}